{"id":295,"date":"2026-01-29T11:09:31","date_gmt":"2026-01-29T11:09:31","guid":{"rendered":"https:\/\/www.lanpartners.com\/?page_id=295"},"modified":"2026-02-26T17:38:53","modified_gmt":"2026-02-26T17:38:53","slug":"cybersecurity","status":"publish","type":"page","link":"https:\/\/www.lanpartners.com\/en\/servizi\/cybersecurity\/","title":{"rendered":"Cybersecurity"},"content":{"rendered":"\r\n        <section id=\"breadcrumb-block_95ef5f6f306afa1bdc0e136d76aa8732\" class=\"lp-breadcrumb bg-white \">\r\n        <div class=\"container\">\r\n            <div class=\"row\">\r\n                <div class=\"col-sm-12 col-md-12 col-lg-6 col-xl-6 col-xxl-6\">\r\n                    <div class=\"site-container zoom-in-animate\">\r\n                                                    <div class=\"title-wrapper\">\r\n                                <div class=\"title-line\"><\/div>\r\n                                <h1 class=\"site-title\">Servizi di Cybersecurity per Studi e Professionisti<\/h1>\r\n                            <\/div>\r\n                                                <div class=\"content-wrapper\">\r\n                            <p>In un mondo digitale sempre pi\u00f9 interconnesso, la sicurezza dei dati \u00e8 diventata una priorit\u00e0 inderogabile per studi legali e professionisti. Le minacce alla business continuity e la conformit\u00e0 alle norme sulla privacy sono sfide quotidiane che richiedono una risposta pronta ed efficace. Con oltre vent\u2019anni di esperienza al fianco di studi professionali di primaria importanza, Lanpartners offre servizi di cybersecurity all\u2019avanguardia per proteggere le tue attivit\u00e0, i tuoi dati sensibili e quelli dei tuoi clienti.<\/p>\n                        <\/div>\r\n                        <div class=\"btn-global\">\r\n                                                            <a href=\"https:\/\/www.lanpartners.com\/en\/contatti\/\" target=\"_self\">Contattaci<\/a>\r\n                                                    <\/div>\r\n                    <\/div>\r\n                <\/div>\r\n                <div class=\"col-sm-12 col-md-12 col-lg-6 col-xl-6 col-xxl-6\">\r\n                    <div class=\"img-container zoom-in-animate\">\r\n                                                                            <img loading=\"lazy\" decoding=\"async\" width=\"680\" height=\"510\" src=\"https:\/\/www.lanpartners.com\/wp-content\/uploads\/2026\/01\/cybersecurity.webp\" class=\"attachment-full size-full\" alt=\"\" srcset=\"https:\/\/www.lanpartners.com\/wp-content\/uploads\/2026\/01\/cybersecurity.webp 680w, https:\/\/www.lanpartners.com\/wp-content\/uploads\/2026\/01\/cybersecurity-300x225.webp 300w, https:\/\/www.lanpartners.com\/wp-content\/uploads\/2026\/01\/cybersecurity-450x338.webp 450w\" sizes=\"auto, (max-width: 34.9rem) calc(100vw - 2rem), (max-width: 53rem) calc(8 * (100vw \/ 12)), (min-width: 53rem) calc(6 * (100vw \/ 12)), 100vw\" \/>                                            <\/div>\r\n                <\/div>\r\n            <\/div>\r\n        <\/div>\r\n    <\/section>\r\n\r\n\n\n        <section id=\"lanpartners-service-block_2e4b9d7d82174a5c392843e5606f3644\" class=\"lanpartners-service  bg-gray\">\r\n        <div class=\"container\">\r\n            <div class=\"row  \">\r\n                <div class=\"col-sm-12 col-md-12 col-lg-6 col-xl-6 col-xxl-6\">\r\n                    <div class=\"site-container\">\r\n                                                    <div class=\"title-wrapper zoom-in-animate\">\r\n                                <div class=\"title-line\"><\/div>\r\n                                <h2 class=\"main-title\">Cyberattack nel settore legale<\/h2>\r\n                            <\/div>\r\n                                                <div class=\"content-wrapper zoom-in-animate\">\r\n                            <p>Il 2023 \u00e8 stato un anno record per gli incidenti di sicurezza, con 2.779 attacchi gravi a livello globale, un aumento del 12% rispetto al 2022. In Italia, abbiamo assistito a un aumento del 65% degli attacchi gravi rispetto all&#8217;anno precedente, con il 56% di questi che ha avuto conseguenze di gravit\u00e0 critica o elevata. Questi dati evidenziano una tendenza allarmante e sottolineano l&#8217;importanza di una solida strategia di cybersecurity <a href=\"https:\/\/clusit.it\/rapporto-clusit\" target=\"_blank\" rel=\"noopener\">[1]<\/a>.<\/p>\n<p>Inoltre, recenti attacchi a studi legali di rilievo, come quello subito da Allen &amp; Overy nel 2023 <a href=\"https:\/\/www.reuters.com\/technology\/law-firm-allen-overy-hit-by-data-incident-2023-11-09\/\" target=\"_blank\" rel=\"noopener\">[2]<\/a>, allo studio Grande Stevens in Italia nel 2022\u00a0<a href=\"https:\/\/www.redhotcyber.com\/post\/attacco-informatico-allo-studio-italiano-grande-stevens-lo-studio-della-famiglia-agnelli\/\" target=\"_blank\" rel=\"noopener\">[3]<\/a>, e ad altri 11 studi a livello globale\u00a0<a href=\"https:\/\/arcticwolf.com\/resources\/blog\/top-legal-industry-cyber-attacks\/\" target=\"_blank\" rel=\"noopener\">[4]<\/a>, dimostrano ulteriormente la crescente mira dei cybercriminali verso il settore legale che si trova assolutamente impreparato di fronte a tali scenari.<\/p>\n<p>Queste incursioni non solo causano interruzioni operative di diversi giorni, ma minano sopratutto la fiducia dei clienti, rendendo l\u2019attivit\u00e0 di cybersecurity un investimento indispensabile per la protezione attuale e la crescita futura.<\/p>\n                        <\/div>\r\n                                                    <div class=\"btn-global zoom-in-animate\">\r\n                                <a href=\"https:\/\/www.lanpartners.com\/en\/contatti\/\" target=\"_self\">Richiedi il nostro report -&gt;<\/a>\r\n                            <\/div>\r\n                                            <\/div>\r\n                <\/div>\r\n                <div class=\"col-sm-12 col-md-12 col-lg-6 col-xl-6 col-xxl-6\">\r\n                    <div class=\"img-container zoom-in-animate\">\r\n                                                                            <img loading=\"lazy\" decoding=\"async\" width=\"500\" height=\"702\" src=\"https:\/\/www.lanpartners.com\/wp-content\/uploads\/2026\/01\/REPORT-LP-V3-p-500.webp\" class=\"attachment-full size-full\" alt=\"\" srcset=\"https:\/\/www.lanpartners.com\/wp-content\/uploads\/2026\/01\/REPORT-LP-V3-p-500.webp 500w, https:\/\/www.lanpartners.com\/wp-content\/uploads\/2026\/01\/REPORT-LP-V3-p-500-214x300.webp 214w, https:\/\/www.lanpartners.com\/wp-content\/uploads\/2026\/01\/REPORT-LP-V3-p-500-321x450.webp 321w\" sizes=\"auto, (max-width: 34.9rem) calc(100vw - 2rem), (max-width: 53rem) calc(8 * (100vw \/ 12)), (min-width: 53rem) calc(6 * (100vw \/ 12)), 100vw\" \/>                                            <\/div>\r\n                <\/div>\r\n            <\/div>\r\n        <\/div>\r\n    <\/section>\r\n\r\n\n\n        <section id=\"lanpartners-service-block_0849bdacad03f198d3c5293a2cd893b0\" class=\"lanpartners-service bg-white \">\r\n        <div class=\"container\">\r\n            <div class=\"row row-reverse \">\r\n                <div class=\"col-sm-12 col-md-12 col-lg-6 col-xl-6 col-xxl-6\">\r\n                    <div class=\"site-container\">\r\n                                                    <div class=\"title-wrapper zoom-in-animate\">\r\n                                <div class=\"title-line\"><\/div>\r\n                                <h2 class=\"main-title\">I nostri servizi di cybersecurity<\/h2>\r\n                            <\/div>\r\n                                                <div class=\"content-wrapper zoom-in-animate\">\r\n                            <ul>\n<li><strong>Threat Intelligence<\/strong>: Analisi proattive per identificare e neutralizzare minacce prima che diventino un rischio.<strong>\u200d<\/strong><\/li>\n<li><strong>Vulnerability Assessment<\/strong>: Valutazioni dettagliate per scoprire e mitigare le vulnerabilit\u00e0 nei tuoi sistemi.<strong>\u200d<\/strong><\/li>\n<li><strong>Active Directory Security Posture Analysis<\/strong>: Esaminiamo la configurazione e la sicurezza delle tue Active Directory per prevenire accessi non autorizzati.<strong>\u200d<\/strong><\/li>\n<li><strong>Email Security<\/strong>: Protezione avanzata per le tue comunicazioni via email, vitale contro le minacce come phishing e malware.<\/li>\n<li><strong>Cloud Infrastructure Security Review<\/strong>: Analisi approfondite per garantire che la tua infrastruttura cloud sia sicura e conforme alle normative.<\/li>\n<li><strong>IT Infrastructure Security Review<\/strong>: Esami completi della sicurezza dell\u2019infrastruttura IT per prevenire attacchi e perdite di dati.<\/li>\n<li><strong>Penetration Test<\/strong>: Simulazioni di attacchi cyber per testare la resilienza dei tuoi sistemi.<\/li>\n<li><strong>Phishing Attack Simulation<\/strong>: Simulazioni di attacchi phishing per valutare la consapevolezza e la preparazione del tuo personale.<\/li>\n<\/ul>\n                        <\/div>\r\n                                            <\/div>\r\n                <\/div>\r\n                <div class=\"col-sm-12 col-md-12 col-lg-6 col-xl-6 col-xxl-6\">\r\n                    <div class=\"img-container zoom-in-animate\">\r\n                                                                            <img loading=\"lazy\" decoding=\"async\" width=\"600\" height=\"658\" src=\"https:\/\/www.lanpartners.com\/wp-content\/uploads\/2026\/01\/lp_it_consulting-v.webp\" class=\"attachment-full size-full\" alt=\"\" srcset=\"https:\/\/www.lanpartners.com\/wp-content\/uploads\/2026\/01\/lp_it_consulting-v.webp 600w, https:\/\/www.lanpartners.com\/wp-content\/uploads\/2026\/01\/lp_it_consulting-v-274x300.webp 274w, https:\/\/www.lanpartners.com\/wp-content\/uploads\/2026\/01\/lp_it_consulting-v-410x450.webp 410w\" sizes=\"auto, (max-width: 34.9rem) calc(100vw - 2rem), (max-width: 53rem) calc(8 * (100vw \/ 12)), (min-width: 53rem) calc(6 * (100vw \/ 12)), 100vw\" \/>                                            <\/div>\r\n                <\/div>\r\n            <\/div>\r\n        <\/div>\r\n    <\/section>\r\n\r\n\n\n        <section class=\"certification  bg-gray\">\r\n        <div class=\"container\">\r\n            <div class=\"row\">\r\n                <div class=\"col-sm-12 col-md-12 col-lg-6 col-xl-6 col-xxl-6\">\r\n                                            <div class=\"title-wrapper zoom-in-animate\">\r\n                            <div class=\"title-line\"><\/div>\r\n                            <h2 class=\"main-title\">Certificazione <span>ISO 27001<\/span><\/h2>\r\n                        <\/div>\r\n                                        <div class=\"content-wrapper zoom-in-animate\">\r\n                        <p>Lanpartners \u00e8 un&#8217;azienda certificata ISO\/IEC 27001:2022, a testimonianza del suo impegno nel garantire che tutti i processi aziendali e le infrastrutture tecnologiche rispettino i pi\u00f9 alti standard di sicurezza informatica. Questa certificazione assicura ai clienti un servizio affidabile e protetto, con l&#8217;obiettivo di salvaguardare i dati sensibili e ridurre al minimo i rischi legati alla sicurezza.<\/p>\n                    <\/div>\r\n                    <div class=\"btn-external zoom-in-animate\">\r\n                                                    <a href=\"https:\/\/www.lanpartners.com\/en\/iso-iec_27001-ita-c669643-0-20240805\/\" target=\"_blank\">Attestato di certificazione \u2192<\/a>\r\n                                            <\/div>\r\n                <\/div>\r\n                <div class=\"col-sm-12 col-md-12 col-lg-6 col-xl-6 col-xxl-6\">\r\n                    <div class=\"img-container zoom-in-animate\">\r\n                                                                            <img loading=\"lazy\" decoding=\"async\" width=\"560\" height=\"560\" src=\"https:\/\/www.lanpartners.com\/wp-content\/uploads\/2026\/01\/iso.png\" class=\"attachment-full size-full\" alt=\"\" srcset=\"https:\/\/www.lanpartners.com\/wp-content\/uploads\/2026\/01\/iso.png 560w, https:\/\/www.lanpartners.com\/wp-content\/uploads\/2026\/01\/iso-300x300.png 300w, https:\/\/www.lanpartners.com\/wp-content\/uploads\/2026\/01\/iso-150x150.png 150w, https:\/\/www.lanpartners.com\/wp-content\/uploads\/2026\/01\/iso-350x350.png 350w, https:\/\/www.lanpartners.com\/wp-content\/uploads\/2026\/01\/iso-450x450.png 450w, https:\/\/www.lanpartners.com\/wp-content\/uploads\/2026\/01\/iso-60x60.png 60w\" sizes=\"auto, (max-width: 34.9rem) calc(100vw - 2rem), (max-width: 53rem) calc(8 * (100vw \/ 12)), (min-width: 53rem) calc(6 * (100vw \/ 12)), 100vw\" \/>                                            <\/div>\r\n                <\/div>\r\n            <\/div>\r\n        <\/div>\r\n    <\/section>\r\n\r\n","protected":false},"excerpt":{"rendered":"","protected":false},"author":1,"featured_media":0,"parent":231,"menu_order":0,"comment_status":"closed","ping_status":"closed","template":"","meta":{"_acf_changed":false,"footnotes":""},"class_list":["post-295","page","type-page","status-publish","hentry","entry"],"acf":[],"yoast_head":"<!-- This site is optimized with the Yoast SEO plugin v27.4 - https:\/\/yoast.com\/product\/yoast-seo-wordpress\/ -->\n<title>Cybersecurity per aziende | Lanpartners<\/title>\n<meta name=\"description\" content=\"Scopri le nostre soluzioni di cybersecurity per aziende: protezione avanzata contro minacce digitali, attacchi e violazioni di dati.\" \/>\n<meta name=\"robots\" content=\"index, follow, max-snippet:-1, max-image-preview:large, max-video-preview:-1\" \/>\n<link rel=\"canonical\" href=\"https:\/\/www.lanpartners.com\/en\/services\/services\/cybersecurity\/\" \/>\n<meta property=\"og:locale\" content=\"en_US\" \/>\n<meta property=\"og:type\" content=\"article\" \/>\n<meta property=\"og:title\" content=\"Cybersecurity per aziende | Lanpartners\" \/>\n<meta property=\"og:description\" content=\"Scopri le nostre soluzioni di cybersecurity per aziende: protezione avanzata contro minacce digitali, attacchi e violazioni di dati.\" \/>\n<meta property=\"og:url\" content=\"https:\/\/www.lanpartners.com\/en\/services\/services\/cybersecurity\/\" \/>\n<meta property=\"og:site_name\" content=\"Lanpartners\" \/>\n<meta property=\"article:modified_time\" content=\"2026-02-26T17:38:53+00:00\" \/>\n<meta name=\"twitter:card\" content=\"summary_large_image\" \/>\n<script type=\"application\/ld+json\" class=\"yoast-schema-graph\">{\"@context\":\"https:\\\/\\\/schema.org\",\"@graph\":[{\"@type\":\"WebPage\",\"@id\":\"https:\\\/\\\/www.lanpartners.com\\\/servizi\\\/servizi\\\/cybersecurity\\\/\",\"url\":\"https:\\\/\\\/www.lanpartners.com\\\/servizi\\\/servizi\\\/cybersecurity\\\/\",\"name\":\"Cybersecurity per aziende | Lanpartners\",\"isPartOf\":{\"@id\":\"https:\\\/\\\/www.lanpartners.com\\\/#website\"},\"datePublished\":\"2026-01-29T11:09:31+00:00\",\"dateModified\":\"2026-02-26T17:38:53+00:00\",\"description\":\"Scopri le nostre soluzioni di cybersecurity per aziende: protezione avanzata contro minacce digitali, attacchi e violazioni di dati.\",\"breadcrumb\":{\"@id\":\"https:\\\/\\\/www.lanpartners.com\\\/servizi\\\/servizi\\\/cybersecurity\\\/#breadcrumb\"},\"inLanguage\":\"en-US\",\"potentialAction\":[{\"@type\":\"ReadAction\",\"target\":[\"https:\\\/\\\/www.lanpartners.com\\\/servizi\\\/servizi\\\/cybersecurity\\\/\"]}]},{\"@type\":\"BreadcrumbList\",\"@id\":\"https:\\\/\\\/www.lanpartners.com\\\/servizi\\\/servizi\\\/cybersecurity\\\/#breadcrumb\",\"itemListElement\":[{\"@type\":\"ListItem\",\"position\":1,\"name\":\"Home\",\"item\":\"https:\\\/\\\/www.lanpartners.com\\\/\"},{\"@type\":\"ListItem\",\"position\":2,\"name\":\"Servizi\",\"item\":\"https:\\\/\\\/www.lanpartners.com\\\/servizi\\\/\"},{\"@type\":\"ListItem\",\"position\":3,\"name\":\"Cybersecurity\"}]},{\"@type\":\"WebSite\",\"@id\":\"https:\\\/\\\/www.lanpartners.com\\\/#website\",\"url\":\"https:\\\/\\\/www.lanpartners.com\\\/\",\"name\":\"Lanpartners\",\"description\":\"\",\"publisher\":{\"@id\":\"https:\\\/\\\/www.lanpartners.com\\\/#organization\"},\"potentialAction\":[{\"@type\":\"SearchAction\",\"target\":{\"@type\":\"EntryPoint\",\"urlTemplate\":\"https:\\\/\\\/www.lanpartners.com\\\/?s={search_term_string}\"},\"query-input\":{\"@type\":\"PropertyValueSpecification\",\"valueRequired\":true,\"valueName\":\"search_term_string\"}}],\"inLanguage\":\"en-US\"},{\"@type\":\"Organization\",\"@id\":\"https:\\\/\\\/www.lanpartners.com\\\/#organization\",\"name\":\"Lanpartners\",\"url\":\"https:\\\/\\\/www.lanpartners.com\\\/\",\"logo\":{\"@type\":\"ImageObject\",\"inLanguage\":\"en-US\",\"@id\":\"https:\\\/\\\/www.lanpartners.com\\\/#\\\/schema\\\/logo\\\/image\\\/\",\"url\":\"https:\\\/\\\/www.lanpartners.com\\\/wp-content\\\/uploads\\\/2026\\\/01\\\/logo-lanpartners.svg\",\"contentUrl\":\"https:\\\/\\\/www.lanpartners.com\\\/wp-content\\\/uploads\\\/2026\\\/01\\\/logo-lanpartners.svg\",\"caption\":\"Lanpartners\"},\"image\":{\"@id\":\"https:\\\/\\\/www.lanpartners.com\\\/#\\\/schema\\\/logo\\\/image\\\/\"}}]}<\/script>\n<!-- \/ Yoast SEO plugin. -->","yoast_head_json":{"title":"Cybersecurity for Business | Lanpartners","description":"Learn about our cybersecurity solutions for businesses: advanced protection against digital threats, attacks and data breaches.","robots":{"index":"index","follow":"follow","max-snippet":"max-snippet:-1","max-image-preview":"max-image-preview:large","max-video-preview":"max-video-preview:-1"},"canonical":"https:\/\/www.lanpartners.com\/en\/services\/services\/cybersecurity\/","og_locale":"en_US","og_type":"article","og_title":"Cybersecurity per aziende | Lanpartners","og_description":"Scopri le nostre soluzioni di cybersecurity per aziende: protezione avanzata contro minacce digitali, attacchi e violazioni di dati.","og_url":"https:\/\/www.lanpartners.com\/en\/services\/services\/cybersecurity\/","og_site_name":"Lanpartners","article_modified_time":"2026-02-26T17:38:53+00:00","twitter_card":"summary_large_image","schema":{"@context":"https:\/\/schema.org","@graph":[{"@type":"WebPage","@id":"https:\/\/www.lanpartners.com\/servizi\/servizi\/cybersecurity\/","url":"https:\/\/www.lanpartners.com\/servizi\/servizi\/cybersecurity\/","name":"Cybersecurity for Business | Lanpartners","isPartOf":{"@id":"https:\/\/www.lanpartners.com\/#website"},"datePublished":"2026-01-29T11:09:31+00:00","dateModified":"2026-02-26T17:38:53+00:00","description":"Learn about our cybersecurity solutions for businesses: advanced protection against digital threats, attacks and data breaches.","breadcrumb":{"@id":"https:\/\/www.lanpartners.com\/servizi\/servizi\/cybersecurity\/#breadcrumb"},"inLanguage":"en-US","potentialAction":[{"@type":"ReadAction","target":["https:\/\/www.lanpartners.com\/servizi\/servizi\/cybersecurity\/"]}]},{"@type":"BreadcrumbList","@id":"https:\/\/www.lanpartners.com\/servizi\/servizi\/cybersecurity\/#breadcrumb","itemListElement":[{"@type":"ListItem","position":1,"name":"Home","item":"https:\/\/www.lanpartners.com\/"},{"@type":"ListItem","position":2,"name":"Servizi","item":"https:\/\/www.lanpartners.com\/servizi\/"},{"@type":"ListItem","position":3,"name":"Cybersecurity"}]},{"@type":"WebSite","@id":"https:\/\/www.lanpartners.com\/#website","url":"https:\/\/www.lanpartners.com\/","name":"Lanpartners","description":"","publisher":{"@id":"https:\/\/www.lanpartners.com\/#organization"},"potentialAction":[{"@type":"SearchAction","target":{"@type":"EntryPoint","urlTemplate":"https:\/\/www.lanpartners.com\/?s={search_term_string}"},"query-input":{"@type":"PropertyValueSpecification","valueRequired":true,"valueName":"search_term_string"}}],"inLanguage":"en-US"},{"@type":"Organization","@id":"https:\/\/www.lanpartners.com\/#organization","name":"Lanpartners","url":"https:\/\/www.lanpartners.com\/","logo":{"@type":"ImageObject","inLanguage":"en-US","@id":"https:\/\/www.lanpartners.com\/#\/schema\/logo\/image\/","url":"https:\/\/www.lanpartners.com\/wp-content\/uploads\/2026\/01\/logo-lanpartners.svg","contentUrl":"https:\/\/www.lanpartners.com\/wp-content\/uploads\/2026\/01\/logo-lanpartners.svg","caption":"Lanpartners"},"image":{"@id":"https:\/\/www.lanpartners.com\/#\/schema\/logo\/image\/"}}]}},"_links":{"self":[{"href":"https:\/\/www.lanpartners.com\/en\/wp-json\/wp\/v2\/pages\/295","targetHints":{"allow":["GET"]}}],"collection":[{"href":"https:\/\/www.lanpartners.com\/en\/wp-json\/wp\/v2\/pages"}],"about":[{"href":"https:\/\/www.lanpartners.com\/en\/wp-json\/wp\/v2\/types\/page"}],"author":[{"embeddable":true,"href":"https:\/\/www.lanpartners.com\/en\/wp-json\/wp\/v2\/users\/1"}],"replies":[{"embeddable":true,"href":"https:\/\/www.lanpartners.com\/en\/wp-json\/wp\/v2\/comments?post=295"}],"version-history":[{"count":7,"href":"https:\/\/www.lanpartners.com\/en\/wp-json\/wp\/v2\/pages\/295\/revisions"}],"predecessor-version":[{"id":518,"href":"https:\/\/www.lanpartners.com\/en\/wp-json\/wp\/v2\/pages\/295\/revisions\/518"}],"up":[{"embeddable":true,"href":"https:\/\/www.lanpartners.com\/en\/wp-json\/wp\/v2\/pages\/231"}],"wp:attachment":[{"href":"https:\/\/www.lanpartners.com\/en\/wp-json\/wp\/v2\/media?parent=295"}],"curies":[{"name":"wp","href":"https:\/\/api.w.org\/{rel}","templated":true}]}}